{"id":1604,"date":"2024-06-11T14:41:52","date_gmt":"2024-06-11T20:41:52","guid":{"rendered":"https:\/\/www.roblealto.org\/?page_id=1604"},"modified":"2025-11-07T13:47:01","modified_gmt":"2025-11-07T19:47:01","slug":"acerca-de-nosotros","status":"publish","type":"page","link":"https:\/\/www.roblealto.org\/en\/acerca-de-nosotros\/","title":{"rendered":"About Us"},"content":{"rendered":"<h1>Somos Roblealto<\/h1>\n<h3>\n\t\t\t\t\t\tPor el bienestar de la ni\u00f1ez desde 1932<br \/>\n\t\t\t\t\t<\/h3>\n<h2>La Asociaci\u00f3n Roblealto Pro Bienestar del Ni\u00f1o&#8230;<\/h2>\n<p>&#8230; es una organizaci\u00f3n cristiana, de bien social, sin fines de lucro (ONG), declarada de utilidad p\u00fablica, cuya misi\u00f3n es atender a los ni\u00f1os, ni\u00f1as y adolescentes de la sociedad costarricense que se encuentran en vulnerabilidad social y que requieren de una atenci\u00f3n especializada para su adecuado desarrollo integral.<\/p>\n<p>\t\t\t\t\t\t\t\t\t\t\t\t\t\t\t<img decoding=\"async\" src=\"https:\/\/www.roblealto.org\/wp-content\/uploads\/elementor\/thumbs\/los-guido-qy4jrl0ybvyw5drc88ga8srr2doj1area235bb8dq4.jpg\" title=\"los guido\" alt=\"los guido\" loading=\"lazy\" \/><br \/>\n\t\t\t\t\t        <!-- link opening --><br \/>\n                <a href=\"#\"><br \/>\n                <!-- end link opening --><\/p>\n<h3>\n                    Misi\u00f3n                <\/h3>\n<p>Compartimos la visi\u00f3n cristiana de la vida, trabajando y generado recursos a favor del bienestar integral de las personas menores de edad y sus familias en vulnerabilidad social.<\/p>\n<p>                <\/a><br \/>\n\t\t\t\t\t        <!-- link opening --><br \/>\n                <a href=\"#\"><br \/>\n                <!-- end link opening --><br \/>\n                    <svg aria-hidden=\"true\" viewbox=\"0 0 576 512\" xmlns=\"http:\/\/www.w3.org\/2000\/svg\"><path d=\"M528.1 171.5L382 150.2 316.7 17.8c-11.7-23.6-45.6-23.9-57.4 0L194 150.2 47.9 171.5c-26.2 3.8-36.7 36.1-17.7 54.6l105.7 103-25 145.5c-4.5 26.3 23.2 46 46.4 33.7L288 439.6l130.7 68.7c23.2 12.2 50.9-7.4 46.4-33.7l-25-145.5 105.7-103c19-18.5 8.5-50.8-17.7-54.6zM388.6 312.3l23.7 138.4L288 385.4l-124.3 65.3 23.7-138.4-100.6-98 139-20.2 62.2-126 62.2 126 139 20.2-100.6 98z\"><\/path><\/svg><\/p>\n<h3>\n                    Visi\u00f3n                <\/h3>\n<p>Seremos una organizaci\u00f3n regional que vive y comparte la Palabra de Dios, l\u00edder en programas preventivos, especializados en el desarrollo integral de personas menores de edad y sus familias en vulnerabilidad social; que genera y gestiona recursos con eficiencia y trasparencia para su sostenibilidad y crecimiento.<\/p>\n<p>                <\/a><\/p>\n<h2>Nuestros Valores<\/h2>\n<p>Roblealto es la organizaci\u00f3n cristiana que promueve la felicidad como eje particulador en su visi\u00f3n de desarrollo integral, para la ni\u00f1ez y sus familias en situaci\u00f3n de vulnerabilidad<\/p>\n<p>\t\t\t\t\t<a href=\"#\"><br \/>\n\t\t\t\t\t\t\t\t\tDonar aqu\u00ed<br \/>\n\t\t\t\t\t<\/a><\/p>\n<h2>F\u00e9<\/h2>\n<h2>Amor<\/h2>\n<h2>Respeto<\/h2>\n<h2>Compromiso<\/h2>\n<h2>Integridad<\/h2>\n<h2>Innovaci\u00f3n<\/h2>\n<h2>Ni\u00f1ez atendida en nuestros programas<\/h2>\n<p>*\u00daltima Actualizaci\u00f3n: Diciembre 2024<\/p>\n<p>\t\t\tHogar B\u00edblico<br \/>\n\t\t\t\t0<br \/>\n\t\t\tNi\u00f1o Feliz<br \/>\n\t\t\t\t0<br \/>\n\t\t\tEl Manantial<br \/>\n\t\t\t\t0<br \/>\n\t\t\t15 de Setiembre<br \/>\n\t\t\t\t0<br \/>\n\t\t\tLos Guido<br \/>\n\t\t\t\t0<br \/>\n\t\t\tPROAA<br \/>\n\t\t\t\t0<\/p>\n<h2>Acerca de nosotros<\/h2>\n<h2>\u00c1reas de Tratamiento Integral<\/h2>\n<h2>La prestaci\u00f3n de un servicio de calidad para las personas menores de edad y familias; que promueve la defensa de los derechos fundamentales de la ni\u00f1ez y adolescencia y el valor de la familia, siendo facilitadores de procesos y acompa\u00f1amiento para su desarrollo integral.<\/h2>\n<h2>Espacios Seguros<\/h2>\n<p>El desarrollo de la ni\u00f1ez es de forma integral apoyamos a su familia brind\u00e1ndole las herramientas necesarias que les permitan mejorar su calidad de vida.\u00a0<\/p>\n<h2>Salud y Nutrici\u00f3n<\/h2>\n<p>Realizamos valoraciones y seguimiento a cada uno de los ni\u00f1os y ni\u00f1as que atendemos. Adem\u00e1s, les brindamos una alimentaci\u00f3n adecuada que nos asegure su desarrollo \u00f3ptimo.<\/p>\n<h2>Educaci\u00f3n y habilidades para la vida<\/h2>\n<p>Realizamos proyectos y programas espec\u00edficos para promover en los ni\u00f1os la educaci\u00f3n como herrmienta clave para romper los ciclos de disfuncionalidad.<\/p>\n<h2>Fe y Valores<\/h2>\n<p>Buscamos promover \u00a0e inspirar en los ni\u00f1os principios y valores para fortalecer en ellos su amor propio, por su familia y sobre todo les mostramos el amor de Dios.<\/p>\n<h2>Atenci\u00f3n Psicosocial<\/h2>\n<p>Cada ni\u00f1o y su familia tiene un plan personalizado que le permite obtener apoyo emocional y psicol\u00f3gico que le permite bienestar mental y obtener habilidades para afrontar sus entornos desafiantes.\u00a0<\/p>\n<h2>Cultura de Felicidad<\/h2>\n<p>Creemos en educar la mente el alma y el cuerpo a trav\u00e9s de la felicidad porque la felicidad es el camino para la vida plena donde cada ni\u00f1o, ni\u00f1a, adolescente y familia descubre su capacidad de construir sus sue\u00f1os y lograr su autonom\u00eda.<\/p>\n<h2>BE PART OF THE MIRACLE<\/h2>\n<h2>M\u00e1s Acerca de nostrosos<\/h2>\n<p>Colabore con nuestro equipo en la creaci\u00f3n de oportunidades y espacios de crecimiento para ni\u00f1as, ni\u00f1os, adolescentes y familias de Roblealto.<\/p>\n<p>\t\t\t\t\t<a href=\"https:\/\/www.roblealto.org\/en\/asb\/?v=d368cf7636ec\"><br \/>\n\t\t\t\t\t\t\t\t\tDone Aqu\u00ed<br \/>\n\t\t\t\t\t<\/a><br \/>\n\t\t\t\t\t\t\t\t\t\t\t\t\t\t\t<img fetchpriority=\"high\" decoding=\"async\" width=\"242\" height=\"241\" src=\"https:\/\/www.roblealto.org\/wp-content\/uploads\/2024\/05\/fr-blue-bg.png\" alt=\"\" \/><br \/>\n\t\t\t\t\t\t\t\t\t\t\t\t\t\t\t<img decoding=\"async\" width=\"56\" height=\"56\" src=\"https:\/\/www.roblealto.org\/wp-content\/uploads\/2024\/05\/fundraising1.png\" alt=\"\" \/>\t\t\t\t\t\t\t\t\t\t\t\t\t\t\t<\/p>\n<h2><a href=\"https:\/\/www.roblealto.org\/en\/padrinazgo\/\">Patrocine<\/a><\/h2>\n<p>\t\t\t\t\t\t\t\t\t\t\t\t\t\t\t<img decoding=\"async\" width=\"40\" height=\"56\" src=\"https:\/\/www.roblealto.org\/wp-content\/uploads\/2024\/05\/fundraising2.png\" alt=\"\" \/>\t\t\t\t\t\t\t\t\t\t\t\t\t\t\t<\/p>\n<h2><a href=\"https:\/\/www.roblealto.org\/en\/oracion\/?v=d368cf7636ec\">Oraci\u00f3n<\/a><\/h2>\n<p>\t\t\t\t\t\t\t\t\t\t\t\t\t\t\t<img loading=\"lazy\" decoding=\"async\" width=\"242\" height=\"241\" src=\"https:\/\/www.roblealto.org\/wp-content\/uploads\/2024\/05\/fr-red-bg.png\" alt=\"\" \/><br \/>\n\t\t\t\t\t\t\t\t\t\t\t\t\t\t\t<img loading=\"lazy\" decoding=\"async\" width=\"52\" height=\"56\" src=\"https:\/\/www.roblealto.org\/wp-content\/uploads\/2024\/05\/fundraising3.png\" alt=\"\" \/>\t\t\t\t\t\t\t\t\t\t\t\t\t\t\t<\/p>\n<h2><a href=\"https:\/\/www.roblealto.org\/en\/sea-parte\/?v=d368cf7636ec\">Voluntariado<\/a><\/h2>\n<p>\t\t<iframe title=\"Roblealto Short- Cultura de Felicidad\" width=\"1220\" height=\"686\" src=\"https:\/\/www.youtube.com\/embed\/ntoJSd3Xqhc?feature=oembed\" frameborder=\"0\" allow=\"accelerometer; autoplay; clipboard-write; encrypted-media; gyroscope; picture-in-picture; web-share\" referrerpolicy=\"strict-origin-when-cross-origin\" allowfullscreen><\/iframe>\t\t<\/p>\n<h2>Somos<\/h2>\n<h2>Cultura de Felicidad<\/h2>\n<h2>Juntos por un futuro lleno de sonrisas<\/h2>\n<p>Asociaci\u00f3n Roblealto atiende a m\u00e1s de 949 ni\u00f1os, ni\u00f1as, adolescentes y 651 familias que se encuentran en vulnerabilidad social. el objetivo primordial es proveer el acompa\u00f1amiento y las herramientas para que las personals menores de edad y sus familias logren maximizar y potencializar su proyecto de vida.<\/p>\n<p>\t\t\t\t\t<a href=\"https:\/\/www.youtube.com\/@Roblealto1932\"><br \/>\n\t\t\t\t<svg aria-hidden=\"true\" viewbox=\"0 0 512 512\" xmlns=\"http:\/\/www.w3.org\/2000\/svg\"><path d=\"M256 8C119 8 8 119 8 256s111 248 248 248 248-111 248-248S393 8 256 8zm115.7 272l-176 101c-15.8 8.8-35.7-2.5-35.7-21V152c0-18.4 19.8-29.8 35.7-21l176 107c16.4 9.2 16.4 32.9 0 42z\"><\/path><\/svg><br \/>\n\t\t\t\t\t\t\t\t\t+ Acerca de Nosotros<br \/>\n\t\t\t\t\t<\/a><\/p>\n<h2>Objetivos del Desarrollo<br \/>\nSostenible<\/h2>\n<p>Nuestros proyectos son implementados con medidas que contribuyan a los ODS establecidos por el Programa de Naciones Unidos y adoptados por el pa\u00eds. Buscando siempre el bienestar de los ni\u00f1os y las familias que atendemos, nos enfocamos en los siguientes:<\/p>\n<figure><img decoding=\"async\" src=\"https:\/\/www.roblealto.org\/wp-content\/uploads\/2024\/12\/1Fin-de-la-pobreza-150x150.png\" alt=\"1Fin de la pobreza\" \/><\/figure>\n<figure><img decoding=\"async\" src=\"https:\/\/www.roblealto.org\/wp-content\/uploads\/2024\/12\/2-Hambre-0-150x150.png\" alt=\"2 Hambre 0\" \/><\/figure>\n<figure><img decoding=\"async\" src=\"https:\/\/www.roblealto.org\/wp-content\/uploads\/2024\/12\/3-salud-y-bienestar-150x150.png\" alt=\"3 salud y bienestar\" \/><\/figure>\n<figure><img decoding=\"async\" src=\"https:\/\/www.roblealto.org\/wp-content\/uploads\/2024\/12\/4-educacion-de-calidad-150x150.png\" alt=\"4 educacion de calidad\" \/><\/figure>\n<figure><img decoding=\"async\" src=\"https:\/\/www.roblealto.org\/wp-content\/uploads\/2024\/12\/5-Igualdad-de-genero-150x150.png\" alt=\"5 Igualdad de genero\" \/><\/figure>\n<figure><img decoding=\"async\" src=\"https:\/\/www.roblealto.org\/wp-content\/uploads\/2024\/12\/8-trabajo-decente-150x150.png\" alt=\"8 trabajo decente\" \/><\/figure>\n<figure><img decoding=\"async\" src=\"https:\/\/www.roblealto.org\/wp-content\/uploads\/2024\/12\/10-reduccion-de-las-desigualdades-150x150.png\" alt=\"10 reduccion de las desigualdades\" \/><\/figure>\n<figure><img decoding=\"async\" src=\"https:\/\/www.roblealto.org\/wp-content\/uploads\/2024\/12\/17-alianzas-150x150.jpg\" alt=\"17 alianzas\" \/><\/figure>\n<p>\t\t\t\t\t\t<svg aria-hidden=\"true\" viewbox=\"0 0 1000 1000\" xmlns=\"http:\/\/www.w3.org\/2000\/svg\"><path d=\"M646 125C629 125 613 133 604 142L308 442C296 454 292 471 292 487 292 504 296 521 308 533L604 854C617 867 629 875 646 875 663 875 679 871 692 858 704 846 713 829 713 812 713 796 708 779 692 767L438 487 692 225C700 217 708 204 708 187 708 171 704 154 692 142 675 129 663 125 646 125Z\"><\/path><\/svg><br \/>\n\t\t\t\t\t\t<svg aria-hidden=\"true\" viewbox=\"0 0 1000 1000\" xmlns=\"http:\/\/www.w3.org\/2000\/svg\"><path d=\"M696 533C708 521 713 504 713 487 713 471 708 454 696 446L400 146C388 133 375 125 354 125 338 125 325 129 313 142 300 154 292 171 292 187 292 204 296 221 308 233L563 492 304 771C292 783 288 800 288 817 288 833 296 850 308 863 321 871 338 875 354 875 371 875 388 867 400 854L696 533Z\"><\/path><\/svg><br \/>\n\t\t\t\t\t<a href=\"https:\/\/www.roblealto.org\/en\/donacion\/\"><br \/>\n\t\t\t\t\t\t\t\t\tDonar<br \/>\n\t\t\t\t\t<\/a><\/p>\n<h2>M\u00e1s Acerca de Nosotros<\/h2>\n<p>Bienvenido a la Asociaci\u00f3n Roblealto Pro Bienestar del Ni\u00f1o, una organizaci\u00f3n cristiana dedicada a transformar la vida de ni\u00f1os, ni\u00f1as y adolescentes en situaci\u00f3n de vulnerabilidad social en Costa Rica. Nuestra misi\u00f3n es brindar atenci\u00f3n especializada y recursos a las familias, ayud\u00e1ndolas a superar la pobreza y construir un futuro mejor. Con un enfoque en el desarrollo integral, trabajamos con amor, fe y compromiso. \u00danete a nosotros en esta noble causa y descubre c\u00f3mo puedes marcar la diferencia en la vida de quienes m\u00e1s lo necesitan. \u00a1Explora nuestros programas y s\u00e9 parte del cambio!<\/p>\n<p>\t\t\t\t\t<a href=\"https:\/\/www.roblealto.org\/en\/donacion\/\"><br \/>\n\t\t\t\t\t\t\t\t\tDonar<br \/>\n\t\t\t\t\t<\/a><\/p>\n<h2>Subscribe our newsletter and keep up with our latest news<\/h2>\n<form data-form_id=\"2\" id=\"fluentform_2\" data-form_instance=\"ff_form_instance_2_3\" method=\"POST\" action=\"\" >\n<fieldset  style=\"border: none!important;margin: 0!important;padding: 0!important;background-color: transparent!important;box-shadow: none!important;outline: none!important; min-inline-size: 100%;\">\n<legend style=\"display: block; margin: 0!important;padding: 0!important;height: 0!important;text-indent: -999999px;width: 0!important;overflow:hidden;\">Subscription Form<\/legend>\n<p><input type='hidden' name='__fluent_form_embded_post_id' value='1604' \/><input type=\"hidden\" id=\"_fluentform_2_fluentformnonce\" name=\"_fluentform_2_fluentformnonce\" value=\"ec156e21c0\" \/><input type=\"hidden\" name=\"_wp_http_referer\" value=\"\/wp-admin\/admin-ajax.php\" \/><input type=\"email\" name=\"email\" id=\"ff_2_3_email\" placeholder=\"Su correo electr\u00f3nico\" data-name=\"email\"  aria-invalid=\"false\" aria-required=\"true\"><button type=\"submit\" name=\"custom_submit_button-2_1\" data-name=\"custom_submit_button-2_1\" >Subscribirse<\/button><\/p>\n<style>form.fluent_form_2 .wpf_has_custom_css.ff-btn-submit { background-color:#409EFF;border-color:#409EFF;color:#ffffff;min-width:100%; }form.fluent_form_2 .wpf_has_custom_css.ff-btn-submit:hover { background-color:#ffffff;border-color:#409EFF;color:#409EFF;min-width:100%; } <\/style>\n<\/fieldset>\n<input type=\"hidden\" name=\"trp-form-language\" value=\"en\"\/><\/form>\n<p>\t\t\t\t\t\t\t\t\t\t\t\t\t\t\t<img loading=\"lazy\" decoding=\"async\" width=\"216\" height=\"102\" src=\"https:\/\/www.roblealto.org\/wp-content\/uploads\/2024\/05\/newsletter.png\" alt=\"\" \/><\/p>","protected":false},"excerpt":{"rendered":"<p>Somos Roblealto Por el bienestar de la ni\u00f1ez desde 1932 La Asociaci\u00f3n Roblealto Pro Bienestar del Ni\u00f1o&#8230; &#8230; es una organizaci\u00f3n cristiana, de bien social, sin<span class=\"excerpt-hellip\"> [\u2026]<\/span><\/p>","protected":false},"author":3,"featured_media":0,"parent":0,"menu_order":0,"comment_status":"closed","ping_status":"closed","template":"","meta":{"footnotes":""},"class_list":["post-1604","page","type-page","status-publish","hentry"],"_links":{"self":[{"href":"https:\/\/www.roblealto.org\/en\/wp-json\/wp\/v2\/pages\/1604","targetHints":{"allow":["GET"]}}],"collection":[{"href":"https:\/\/www.roblealto.org\/en\/wp-json\/wp\/v2\/pages"}],"about":[{"href":"https:\/\/www.roblealto.org\/en\/wp-json\/wp\/v2\/types\/page"}],"author":[{"embeddable":true,"href":"https:\/\/www.roblealto.org\/en\/wp-json\/wp\/v2\/users\/3"}],"replies":[{"embeddable":true,"href":"https:\/\/www.roblealto.org\/en\/wp-json\/wp\/v2\/comments?post=1604"}],"version-history":[{"count":909,"href":"https:\/\/www.roblealto.org\/en\/wp-json\/wp\/v2\/pages\/1604\/revisions"}],"predecessor-version":[{"id":6650,"href":"https:\/\/www.roblealto.org\/en\/wp-json\/wp\/v2\/pages\/1604\/revisions\/6650"}],"wp:attachment":[{"href":"https:\/\/www.roblealto.org\/en\/wp-json\/wp\/v2\/media?parent=1604"}],"curies":[{"name":"wp","href":"https:\/\/api.w.org\/{rel}","templated":true}]}}