{"id":5878,"date":"2025-04-19T11:38:52","date_gmt":"2025-04-19T17:38:52","guid":{"rendered":"https:\/\/www.roblealto.org\/?page_id=5878"},"modified":"2025-11-05T11:01:38","modified_gmt":"2025-11-05T17:01:38","slug":"sea-parte","status":"publish","type":"page","link":"https:\/\/www.roblealto.org\/en\/sea-parte\/","title":{"rendered":"Sea parte"},"content":{"rendered":"<div data-elementor-type=\"wp-page\" data-elementor-id=\"5878\" class=\"elementor elementor-5878\" data-elementor-post-type=\"page\">\n\t\t\t\t<div class=\"elementor-element elementor-element-e9ac933 e-con-full e-flex e-con e-parent\" data-id=\"e9ac933\" data-element_type=\"container\" id=\"xs_team_8\" data-settings=\"{&quot;background_background&quot;:&quot;classic&quot;}\">\n\t\t<div class=\"elementor-element elementor-element-1e1edcc e-con-full e-flex e-con e-child\" data-id=\"1e1edcc\" data-element_type=\"container\">\n\t\t\t\t<div class=\"elementor-element elementor-element-dd3ad82 elementor--h-position-center elementor--v-position-middle elementor-arrows-position-inside elementor-pagination-position-inside elementor-widget elementor-widget-slides\" data-id=\"dd3ad82\" data-element_type=\"widget\" data-settings=\"{&quot;navigation&quot;:&quot;both&quot;,&quot;autoplay&quot;:&quot;yes&quot;,&quot;pause_on_hover&quot;:&quot;yes&quot;,&quot;pause_on_interaction&quot;:&quot;yes&quot;,&quot;autoplay_speed&quot;:5000,&quot;infinite&quot;:&quot;yes&quot;,&quot;transition&quot;:&quot;slide&quot;,&quot;transition_speed&quot;:500}\" data-widget_type=\"slides.default\">\n\t\t\t\t<div class=\"elementor-widget-container\">\n\t\t\t\t\t\t\t\t\t<div class=\"elementor-swiper\">\n\t\t\t\t\t<div class=\"elementor-slides-wrapper elementor-main-swiper swiper\" role=\"region\" aria-roledescription=\"carousel\" aria-label=\"Slides\" dir=\"ltr\" data-animation=\"fadeInUp\">\n\t\t\t\t<div class=\"swiper-wrapper elementor-slides\">\n\t\t\t\t\t\t\t\t\t\t<div class=\"elementor-repeater-item-5641ac5 swiper-slide\" role=\"group\" aria-roledescription=\"slide\"><div class=\"swiper-slide-bg elementor-ken-burns elementor-ken-burns--in\" role=\"img\" aria-label=\"1\"><\/div><a class=\"swiper-slide-inner\" href=\"https:\/\/www.roblealto.org\/en\/asb\/\"><div class=\"swiper-slide-contents\"><div class=\"elementor-slide-heading\">Donaciones<\/div><div class=\"elementor-slide-description\">Su donaci\u00f3n se traduce en oportunidades.<\/div><div  class=\"elementor-button elementor-slide-button elementor-size-sm\">Done Aqu\u00ed<\/div><\/div><\/a><\/div><div class=\"elementor-repeater-item-4418b59 swiper-slide\" role=\"group\" aria-roledescription=\"slide\"><div class=\"swiper-slide-bg elementor-ken-burns elementor-ken-burns--in\" role=\"img\" aria-label=\"2\"><\/div><a class=\"swiper-slide-inner\" href=\"https:\/\/www.roblealto.org\/en\/voluntariado-internacional\/\"><div class=\"swiper-slide-contents\"><div class=\"elementor-slide-heading\">Voluntariado Internacional<\/div><div class=\"elementor-slide-description\">Voluntariado internacional<\/div><div  class=\"elementor-button elementor-slide-button elementor-size-sm\">Agende su Viaje Aqu\u00ed<\/div><\/div><\/a><\/div><div class=\"elementor-repeater-item-13316c0 swiper-slide\" role=\"group\" aria-roledescription=\"slide\"><div class=\"swiper-slide-bg elementor-ken-burns elementor-ken-burns--in\" role=\"img\" aria-label=\"3\"><\/div><a class=\"swiper-slide-inner\" href=\"https:\/\/www.roblealto.org\/en\/voluntariado-nacional\/\"><div class=\"swiper-slide-contents\"><div class=\"elementor-slide-heading\">Voluntariado Nacional<\/div><div class=\"elementor-slide-description\">Voluntariado Nacional<\/div><div  class=\"elementor-button elementor-slide-button elementor-size-sm\">Coordine Aqu\u00ed<\/div><\/div><\/a><\/div><div class=\"elementor-repeater-item-45fcc64 swiper-slide\" role=\"group\" aria-roledescription=\"slide\"><div class=\"swiper-slide-bg elementor-ken-burns elementor-ken-burns--in\" role=\"img\" aria-label=\"ni\u00f1o feliz (3)\"><\/div><a class=\"swiper-slide-inner\" href=\"https:\/\/www.roblealto.org\/en\/padrinazgo\/\"><div class=\"swiper-slide-contents\"><div class=\"elementor-slide-heading\">Programa de Padrinazgo<\/div><div class=\"elementor-slide-description\">Es su oportunidad para invertir en la vida de la ni\u00f1ez y adolescencia<\/div><div  class=\"elementor-button elementor-slide-button elementor-size-sm\">Conozca c\u00f3mo<\/div><\/div><\/a><\/div><div class=\"elementor-repeater-item-a434987 swiper-slide\" role=\"group\" aria-roledescription=\"slide\"><div class=\"swiper-slide-bg elementor-ken-burns elementor-ken-burns--in\" role=\"img\" aria-label=\"4\"><\/div><a class=\"swiper-slide-inner\" href=\"https:\/\/www.roblealto.org\/en\/donaciones-especiales\/\"><div class=\"swiper-slide-contents\"><div class=\"elementor-slide-heading\">Donaciones Especiales<\/div><div class=\"elementor-slide-description\">Donacion especiales<\/div><div  class=\"elementor-button elementor-slide-button elementor-size-sm\">Coorodine Aqu\u00ed<\/div><\/div><\/a><\/div><div class=\"elementor-repeater-item-e48cd82 swiper-slide\" role=\"group\" aria-roledescription=\"slide\"><div class=\"swiper-slide-bg elementor-ken-burns elementor-ken-burns--in\" role=\"img\" aria-label=\"5\"><\/div><a class=\"swiper-slide-inner\" href=\"https:\/\/www.roblealto.org\/en\/oracion\/\"><div class=\"swiper-slide-contents\"><div class=\"elementor-slide-heading\">Ore por Nosotros<\/div><div class=\"elementor-slide-description\">Ore por nosotros<\/div><div  class=\"elementor-button elementor-slide-button elementor-size-sm\">Siga nuestras peticiones de Oraci\u00f3n<\/div><\/div><\/a><\/div>\t\t\t\t<\/div>\n\t\t\t\t\t\t\t\t\t\t\t\t\t\t\t<div class=\"elementor-swiper-button elementor-swiper-button-prev\" role=\"button\" tabindex=\"0\" aria-label=\"Previous slide\" data-no-translation-aria-label=\"\">\n\t\t\t\t\t\t\t<svg aria-hidden=\"true\" class=\"e-font-icon-svg e-eicon-chevron-left\" viewbox=\"0 0 1000 1000\" xmlns=\"http:\/\/www.w3.org\/2000\/svg\"><path d=\"M646 125C629 125 613 133 604 142L308 442C296 454 292 471 292 487 292 504 296 521 308 533L604 854C617 867 629 875 646 875 663 875 679 871 692 858 704 846 713 829 713 812 713 796 708 779 692 767L438 487 692 225C700 217 708 204 708 187 708 171 704 154 692 142 675 129 663 125 646 125Z\"><\/path><\/svg>\t\t\t\t\t\t<\/div>\n\t\t\t\t\t\t<div class=\"elementor-swiper-button elementor-swiper-button-next\" role=\"button\" tabindex=\"0\" aria-label=\"Next slide\" data-no-translation-aria-label=\"\">\n\t\t\t\t\t\t\t<svg aria-hidden=\"true\" class=\"e-font-icon-svg e-eicon-chevron-right\" viewbox=\"0 0 1000 1000\" xmlns=\"http:\/\/www.w3.org\/2000\/svg\"><path d=\"M696 533C708 521 713 504 713 487 713 471 708 454 696 446L400 146C388 133 375 125 354 125 338 125 325 129 313 142 300 154 292 171 292 187 292 204 296 221 308 233L563 492 304 771C292 783 288 800 288 817 288 833 296 850 308 863 321 871 338 875 354 875 371 875 388 867 400 854L696 533Z\"><\/path><\/svg>\t\t\t\t\t\t<\/div>\n\t\t\t\t\t\t\t\t\t\t\t\t\t\t\t\t<div class=\"swiper-pagination\"><\/div>\n\t\t\t\t\t\t\t\t\t\t\t\t<\/div>\n\t\t\t\t<\/div>\n\t\t\t\t\t\t\t\t<\/div>\n\t\t\t\t<\/div>\n\t\t\t\t<div class=\"elementor-element elementor-element-a4ee2f6 elementor-widget elementor-widget-spacer\" data-id=\"a4ee2f6\" data-element_type=\"widget\" data-widget_type=\"spacer.default\">\n\t\t\t\t<div class=\"elementor-widget-container\">\n\t\t\t\t\t\t\t<div class=\"elementor-spacer\">\n\t\t\t<div class=\"elementor-spacer-inner\"><\/div>\n\t\t<\/div>\n\t\t\t\t\t\t<\/div>\n\t\t\t\t<\/div>\n\t\t\t\t<div class=\"elementor-element elementor-element-5c85e88 elementor-widget elementor-widget-heading\" data-id=\"5c85e88\" data-element_type=\"widget\" data-widget_type=\"heading.default\">\n\t\t\t\t<div class=\"elementor-widget-container\">\n\t\t\t\t\t<h2 class=\"elementor-heading-title elementor-size-default\">Usted es parte del milagro<\/h2>\t\t\t\t<\/div>\n\t\t\t\t<\/div>\n\t\t\t\t<div class=\"elementor-element elementor-element-241b1c2 elementor-widget elementor-widget-text-editor\" data-id=\"241b1c2\" data-element_type=\"widget\" data-widget_type=\"text-editor.default\">\n\t\t\t\t<div class=\"elementor-widget-container\">\n\t\t\t\t\t\t\t\t\t<p style=\"text-align: center;\">Son muchas las formas en que usted puede involucrarse para ser parte del cambio y la generacion de oportunidades para m\u00e1s de\u00a0<\/p><p style=\"text-align: center;\">900 personas menores de edad y sus familias.\u00a0<br \/>Sea hoy usted parte de las multiples organizaciones, iglesias y personas que con su esfuerzo y donacion de recursos\u00a0<\/p><p style=\"text-align: center;\">y tiempo se convierten en faros de esperanza para muchos otros.\u00a0<\/p>\t\t\t\t\t\t\t\t<\/div>\n\t\t\t\t<\/div>\n\t\t\t\t<\/div>\n\t\t\t\t<\/div>\n\t\t<div class=\"elementor-element elementor-element-84e5944 e-flex e-con-boxed e-con e-parent\" data-id=\"84e5944\" data-element_type=\"container\">\n\t\t\t\t\t<div class=\"e-con-inner\">\n\t\t\t\t<div class=\"elementor-element elementor-element-afb85b8 elementor-cta--layout-image-above elementor-bg-transform elementor-bg-transform-zoom-out elementor-cta--skin-classic elementor-animated-content elementor-widget elementor-widget-call-to-action\" data-id=\"afb85b8\" data-element_type=\"widget\" data-widget_type=\"call-to-action.default\">\n\t\t\t\t<div class=\"elementor-widget-container\">\n\t\t\t\t\t\t\t<div class=\"elementor-cta\">\n\t\t\t\t\t<div class=\"elementor-cta__bg-wrapper\">\n\t\t\t\t<div class=\"elementor-cta__bg elementor-bg\" style=\"background-image: url(https:\/\/www.roblealto.org\/wp-content\/uploads\/2025\/04\/1-2-1024x683.png);\" role=\"img\" aria-label=\"1\"><\/div>\n\t\t\t\t<div class=\"elementor-cta__bg-overlay\"><\/div>\n\t\t\t<\/div>\n\t\t\t\t\t\t\t<div class=\"elementor-cta__content\">\n\t\t\t\t\n\t\t\t\t\t\t\t\t\t<h2 class=\"elementor-cta__title elementor-cta__content-item elementor-content-item\">\n\t\t\t\t\t\tVoluntariado Internacional\t\t\t\t\t<\/h2>\n\t\t\t\t\n\t\t\t\t\t\t\t\t\t<div class=\"elementor-cta__description elementor-cta__content-item elementor-content-item\">\n\t\t\t\t\t\tExperiencias de viajes misioneros de corto plazo para grupos de iglesias, universidades u otras organizaciones.\nY tambi\u00e9n oportunidades de voluntariado de largo plazo para personas que deseen cumplir con requisitos de pasant\u00eda o que est\u00e9n interesadas en servir como misioneros.\t\t\t\t\t<\/div>\n\t\t\t\t\n\t\t\t\t\t\t\t\t\t<div class=\"elementor-cta__button-wrapper elementor-cta__content-item elementor-content-item\">\n\t\t\t\t\t<a class=\"elementor-cta__button elementor-button elementor-size-\" href=\"https:\/\/www.roblealto.org\/en\/voluntariado-internacional\/\">\n\t\t\t\t\t\tCoordine aqu\u00ed\t\t\t\t\t<\/a>\n\t\t\t\t\t<\/div>\n\t\t\t\t\t\t\t<\/div>\n\t\t\t\t\t\t<\/div>\n\t\t\t\t\t\t<\/div>\n\t\t\t\t<\/div>\n\t\t\t\t\t<\/div>\n\t\t\t\t<\/div>\n\t\t<div class=\"elementor-element elementor-element-8cc1a02 e-flex e-con-boxed e-con e-parent\" data-id=\"8cc1a02\" data-element_type=\"container\">\n\t\t\t\t\t<div class=\"e-con-inner\">\n\t\t\t\t<div class=\"elementor-element elementor-element-cc60851 elementor-cta--layout-image-above elementor-bg-transform elementor-bg-transform-zoom-out elementor-cta--skin-classic elementor-animated-content elementor-widget elementor-widget-call-to-action\" data-id=\"cc60851\" data-element_type=\"widget\" data-widget_type=\"call-to-action.default\">\n\t\t\t\t<div class=\"elementor-widget-container\">\n\t\t\t\t\t\t\t<div class=\"elementor-cta\">\n\t\t\t\t\t<div class=\"elementor-cta__bg-wrapper\">\n\t\t\t\t<div class=\"elementor-cta__bg elementor-bg\" style=\"background-image: url(https:\/\/www.roblealto.org\/wp-content\/uploads\/2025\/04\/2-2-1024x683.png);\" role=\"img\" aria-label=\"2\"><\/div>\n\t\t\t\t<div class=\"elementor-cta__bg-overlay\"><\/div>\n\t\t\t<\/div>\n\t\t\t\t\t\t\t<div class=\"elementor-cta__content\">\n\t\t\t\t\n\t\t\t\t\t\t\t\t\t<h2 class=\"elementor-cta__title elementor-cta__content-item elementor-content-item\">\n\t\t\t\t\t\tVoluntariado Nacional\t\t\t\t\t<\/h2>\n\t\t\t\t\n\t\t\t\t\t\t\t\t\t<div class=\"elementor-cta__description elementor-cta__content-item elementor-content-item\">\n\t\t\t\t\t\tReciba los beneficios que su organizacion y su equipo de colaboradores puede experimentar al formar \nparte de un proyecto de <br> voluntariado sin igual en el pa\u00eds.\t\t\t\t\t<\/div>\n\t\t\t\t\n\t\t\t\t\t\t\t\t\t<div class=\"elementor-cta__button-wrapper elementor-cta__content-item elementor-content-item\">\n\t\t\t\t\t<a class=\"elementor-cta__button elementor-button elementor-size-\" href=\"https:\/\/www.roblealto.org\/en\/voluntariado-nacional\/\">\n\t\t\t\t\t\tCoordine aqu\u00ed\t\t\t\t\t<\/a>\n\t\t\t\t\t<\/div>\n\t\t\t\t\t\t\t<\/div>\n\t\t\t\t\t\t<\/div>\n\t\t\t\t\t\t<\/div>\n\t\t\t\t<\/div>\n\t\t\t\t\t<\/div>\n\t\t\t\t<\/div>\n\t\t<div class=\"elementor-element elementor-element-091074c e-flex e-con-boxed e-con e-parent\" data-id=\"091074c\" data-element_type=\"container\">\n\t\t\t\t\t<div class=\"e-con-inner\">\n\t\t\t\t<div class=\"elementor-element elementor-element-9de4cfb elementor-cta--layout-image-above elementor-bg-transform elementor-bg-transform-zoom-out elementor-cta--skin-classic elementor-animated-content elementor-widget elementor-widget-call-to-action\" data-id=\"9de4cfb\" data-element_type=\"widget\" data-widget_type=\"call-to-action.default\">\n\t\t\t\t<div class=\"elementor-widget-container\">\n\t\t\t\t\t\t\t<div class=\"elementor-cta\">\n\t\t\t\t\t<div class=\"elementor-cta__bg-wrapper\">\n\t\t\t\t<div class=\"elementor-cta__bg elementor-bg\" style=\"background-image: url(https:\/\/www.roblealto.org\/wp-content\/uploads\/2025\/04\/1-1024x576.jpg);\" role=\"img\" aria-label=\"1\"><\/div>\n\t\t\t\t<div class=\"elementor-cta__bg-overlay\"><\/div>\n\t\t\t<\/div>\n\t\t\t\t\t\t\t<div class=\"elementor-cta__content\">\n\t\t\t\t\n\t\t\t\t\t\t\t\t\t<h2 class=\"elementor-cta__title elementor-cta__content-item elementor-content-item\">\n\t\t\t\t\t\tPrograma de Padrinazgo\t\t\t\t\t<\/h2>\n\t\t\t\t\n\t\t\t\t\t\t\t\t\t<div class=\"elementor-cta__description elementor-cta__content-item elementor-content-item\">\n\t\t\t\t\t\tEsta es una oportunidad para que los donantes apoyen el \u00e1rea de Roblealto que m\u00e1s les apasiona. <br> Pod\u00e9s elegir hacer una contribuci\u00f3n mensual para un ni\u00f1o, un \u00e1rea espec\u00edfica, una casa o un aula.\t\t\t\t\t<\/div>\n\t\t\t\t\n\t\t\t\t\t\t\t\t\t<div class=\"elementor-cta__button-wrapper elementor-cta__content-item elementor-content-item\">\n\t\t\t\t\t<a class=\"elementor-cta__button elementor-button elementor-size-\" href=\"https:\/\/www.roblealto.org\/en\/padrinazgo\/\">\n\t\t\t\t\t\tCoordine aqu\u00ed\t\t\t\t\t<\/a>\n\t\t\t\t\t<\/div>\n\t\t\t\t\t\t\t<\/div>\n\t\t\t\t\t\t<\/div>\n\t\t\t\t\t\t<\/div>\n\t\t\t\t<\/div>\n\t\t\t\t\t<\/div>\n\t\t\t\t<\/div>\n\t\t<div class=\"elementor-element elementor-element-4b1f002 e-flex e-con-boxed e-con e-parent\" data-id=\"4b1f002\" data-element_type=\"container\">\n\t\t\t\t\t<div class=\"e-con-inner\">\n\t\t\t\t<div class=\"elementor-element elementor-element-0c8c944 elementor-cta--layout-image-above elementor-bg-transform elementor-bg-transform-zoom-out elementor-cta--skin-classic elementor-animated-content elementor-widget elementor-widget-call-to-action\" data-id=\"0c8c944\" data-element_type=\"widget\" data-widget_type=\"call-to-action.default\">\n\t\t\t\t<div class=\"elementor-widget-container\">\n\t\t\t\t\t\t\t<div class=\"elementor-cta\">\n\t\t\t\t\t<div class=\"elementor-cta__bg-wrapper\">\n\t\t\t\t<div class=\"elementor-cta__bg elementor-bg\" style=\"background-image: url(https:\/\/www.roblealto.org\/wp-content\/uploads\/2025\/04\/3-2-1024x683.png);\" role=\"img\" aria-label=\"3\"><\/div>\n\t\t\t\t<div class=\"elementor-cta__bg-overlay\"><\/div>\n\t\t\t<\/div>\n\t\t\t\t\t\t\t<div class=\"elementor-cta__content\">\n\t\t\t\t\n\t\t\t\t\t\t\t\t\t<h2 class=\"elementor-cta__title elementor-cta__content-item elementor-content-item\">\n\t\t\t\t\t\tDonaciones Especiales\t\t\t\t\t<\/h2>\n\t\t\t\t\n\t\t\t\t\t\t\t\t\t<div class=\"elementor-cta__description elementor-cta__content-item elementor-content-item\">\n\t\t\t\t\t\tSus donaciones traen gran bendic\u00f3n directa a la ni\u00f1ez, adolescencia y famlias de nuestros programas.\t\t\t\t\t<\/div>\n\t\t\t\t\n\t\t\t\t\t\t\t\t\t<div class=\"elementor-cta__button-wrapper elementor-cta__content-item elementor-content-item\">\n\t\t\t\t\t<a class=\"elementor-cta__button elementor-button elementor-size-\" href=\"https:\/\/www.roblealto.org\/en\/donaciones-especiales\/\">\n\t\t\t\t\t\tCoordine aqu\u00ed\t\t\t\t\t<\/a>\n\t\t\t\t\t<\/div>\n\t\t\t\t\t\t\t<\/div>\n\t\t\t\t\t\t<\/div>\n\t\t\t\t\t\t<\/div>\n\t\t\t\t<\/div>\n\t\t\t\t\t<\/div>\n\t\t\t\t<\/div>\n\t\t<div class=\"elementor-element elementor-element-495dec3 e-flex e-con-boxed e-con e-parent\" data-id=\"495dec3\" data-element_type=\"container\">\n\t\t\t\t\t<div class=\"e-con-inner\">\n\t\t\t\t<div class=\"elementor-element elementor-element-5091188 elementor-cta--layout-image-above elementor-bg-transform elementor-bg-transform-zoom-out elementor-cta--skin-classic elementor-animated-content elementor-widget elementor-widget-call-to-action\" data-id=\"5091188\" data-element_type=\"widget\" data-widget_type=\"call-to-action.default\">\n\t\t\t\t<div class=\"elementor-widget-container\">\n\t\t\t\t\t\t\t<div class=\"elementor-cta\">\n\t\t\t\t\t<div class=\"elementor-cta__bg-wrapper\">\n\t\t\t\t<div class=\"elementor-cta__bg elementor-bg\" style=\"background-image: url(https:\/\/www.roblealto.org\/wp-content\/uploads\/2025\/04\/4-2-1024x683.png);\" role=\"img\" aria-label=\"4\"><\/div>\n\t\t\t\t<div class=\"elementor-cta__bg-overlay\"><\/div>\n\t\t\t<\/div>\n\t\t\t\t\t\t\t<div class=\"elementor-cta__content\">\n\t\t\t\t\n\t\t\t\t\t\t\t\t\t<h2 class=\"elementor-cta__title elementor-cta__content-item elementor-content-item\">\n\t\t\t\t\t\tOre por nosotros\t\t\t\t\t<\/h2>\n\t\t\t\t\n\t\t\t\t\t\t\t\t\t<div class=\"elementor-cta__description elementor-cta__content-item elementor-content-item\">\n\t\t\t\t\t\tConozca tanto nuestras peticiones de oraci\u00f3n como agradecimientos, y forme parte de nuestra familia deacompa\u00f1amiento espiritual\t\t\t\t\t<\/div>\n\t\t\t\t\n\t\t\t\t\t\t\t\t\t<div class=\"elementor-cta__button-wrapper elementor-cta__content-item elementor-content-item\">\n\t\t\t\t\t<a class=\"elementor-cta__button elementor-button elementor-size-\" href=\"https:\/\/www.roblealto.org\/en\/oracion\/\">\n\t\t\t\t\t\tConozca m\u00e1s \t\t\t\t\t<\/a>\n\t\t\t\t\t<\/div>\n\t\t\t\t\t\t\t<\/div>\n\t\t\t\t\t\t<\/div>\n\t\t\t\t\t\t<\/div>\n\t\t\t\t<\/div>\n\t\t\t\t\t<\/div>\n\t\t\t\t<\/div>\n\t\t\t\t<\/div>","protected":false},"excerpt":{"rendered":"<p>DonacionesSu donaci\u00f3n se traduce en oportunidades.Done Aqu\u00edVoluntariado InternacionalVoluntariado internacionalAgende su Viaje Aqu\u00edVoluntariado NacionalVoluntariado NacionalCoordine Aqu\u00edPrograma de PadrinazgoEs su oportunidad para invertir en la vida de la<span class=\"excerpt-hellip\"> [\u2026]<\/span><\/p>","protected":false},"author":3,"featured_media":0,"parent":0,"menu_order":0,"comment_status":"closed","ping_status":"closed","template":"elementor_header_footer","meta":{"footnotes":""},"class_list":["post-5878","page","type-page","status-publish","hentry"],"_links":{"self":[{"href":"https:\/\/www.roblealto.org\/en\/wp-json\/wp\/v2\/pages\/5878","targetHints":{"allow":["GET"]}}],"collection":[{"href":"https:\/\/www.roblealto.org\/en\/wp-json\/wp\/v2\/pages"}],"about":[{"href":"https:\/\/www.roblealto.org\/en\/wp-json\/wp\/v2\/types\/page"}],"author":[{"embeddable":true,"href":"https:\/\/www.roblealto.org\/en\/wp-json\/wp\/v2\/users\/3"}],"replies":[{"embeddable":true,"href":"https:\/\/www.roblealto.org\/en\/wp-json\/wp\/v2\/comments?post=5878"}],"version-history":[{"count":59,"href":"https:\/\/www.roblealto.org\/en\/wp-json\/wp\/v2\/pages\/5878\/revisions"}],"predecessor-version":[{"id":6700,"href":"https:\/\/www.roblealto.org\/en\/wp-json\/wp\/v2\/pages\/5878\/revisions\/6700"}],"wp:attachment":[{"href":"https:\/\/www.roblealto.org\/en\/wp-json\/wp\/v2\/media?parent=5878"}],"curies":[{"name":"wp","href":"https:\/\/api.w.org\/{rel}","templated":true}]}}