{"id":5989,"date":"2025-04-22T10:26:52","date_gmt":"2025-04-22T16:26:52","guid":{"rendered":"https:\/\/www.roblealto.org\/?page_id=5989"},"modified":"2025-11-05T10:38:15","modified_gmt":"2025-11-05T16:38:15","slug":"roblealto-2-2-2","status":"publish","type":"page","link":"https:\/\/www.roblealto.org\/en\/roblealto-2-2-2\/","title":{"rendered":"Voluntariado Internacional"},"content":{"rendered":"<div data-elementor-type=\"wp-page\" data-elementor-id=\"5989\" class=\"elementor elementor-5989\" data-elementor-post-type=\"page\">\n\t\t\t\t<div class=\"elementor-element elementor-element-e9ac933 e-con-full e-flex e-con e-parent\" data-id=\"e9ac933\" data-element_type=\"container\" id=\"xs_team_8\" data-settings=\"{&quot;background_background&quot;:&quot;classic&quot;}\">\n\t\t<div class=\"elementor-element elementor-element-1e1edcc e-con-full e-flex e-con e-child\" data-id=\"1e1edcc\" data-element_type=\"container\">\n\t\t\t\t<div class=\"elementor-element elementor-element-dd3ad82 elementor--h-position-center elementor--v-position-middle elementor-arrows-position-inside elementor-pagination-position-inside elementor-widget elementor-widget-slides\" data-id=\"dd3ad82\" data-element_type=\"widget\" data-settings=\"{&quot;navigation&quot;:&quot;both&quot;,&quot;autoplay&quot;:&quot;yes&quot;,&quot;pause_on_hover&quot;:&quot;yes&quot;,&quot;pause_on_interaction&quot;:&quot;yes&quot;,&quot;autoplay_speed&quot;:5000,&quot;infinite&quot;:&quot;yes&quot;,&quot;transition&quot;:&quot;slide&quot;,&quot;transition_speed&quot;:500}\" data-widget_type=\"slides.default\">\n\t\t\t\t<div class=\"elementor-widget-container\">\n\t\t\t\t\t\t\t\t\t<div class=\"elementor-swiper\">\n\t\t\t\t\t<div class=\"elementor-slides-wrapper elementor-main-swiper swiper\" role=\"region\" aria-roledescription=\"carousel\" aria-label=\"Slides\" dir=\"ltr\" data-animation=\"fadeInUp\">\n\t\t\t\t<div class=\"swiper-wrapper elementor-slides\">\n\t\t\t\t\t\t\t\t\t\t<div class=\"elementor-repeater-item-08042d2 swiper-slide\" role=\"group\" aria-roledescription=\"slide\"><div class=\"swiper-slide-bg elementor-ken-burns elementor-ken-burns--in\" role=\"img\" aria-label=\"IMG_2570\"><\/div><div class=\"elementor-background-overlay\"><\/div><div class=\"swiper-slide-inner\" ><div class=\"swiper-slide-contents\"><div class=\"elementor-slide-heading\">Voluntariado Internacional<\/div><div class=\"elementor-slide-description\">Dirigido a equipos misioneros, organizaciones y personas fuera de Costa Rica.<\/div><\/div><\/div><\/div><div class=\"elementor-repeater-item-207eb3a swiper-slide\" role=\"group\" aria-roledescription=\"slide\"><div class=\"swiper-slide-bg elementor-ken-burns elementor-ken-burns--in\" role=\"img\" aria-label=\"20250309_140514\"><\/div><div class=\"elementor-background-overlay\"><\/div><div class=\"swiper-slide-inner\" ><div class=\"swiper-slide-contents\"><div class=\"elementor-slide-heading\">Voluntariado Internacional<\/div><div class=\"elementor-slide-description\">Dirigido a equipos misioneros, organizaciones y personas fuera de Costa Rica.<\/div><\/div><\/div><\/div><div class=\"elementor-repeater-item-247a926 swiper-slide\" role=\"group\" aria-roledescription=\"slide\"><div class=\"swiper-slide-bg elementor-ken-burns elementor-ken-burns--in\" role=\"img\" aria-label=\"IMG-20240619-WA0050\"><\/div><div class=\"elementor-background-overlay\"><\/div><div class=\"swiper-slide-inner\" ><div class=\"swiper-slide-contents\"><div class=\"elementor-slide-heading\">Voluntariado Internacional<\/div><div class=\"elementor-slide-description\">Dirigido a equipos misioneros, organizaciones y personas fuera de Costa Rica.<\/div><\/div><\/div><\/div>\t\t\t\t<\/div>\n\t\t\t\t\t\t\t\t\t\t\t\t\t\t\t<div class=\"elementor-swiper-button elementor-swiper-button-prev\" role=\"button\" tabindex=\"0\" aria-label=\"Previous slide\">\n\t\t\t\t\t\t\t<svg aria-hidden=\"true\" class=\"e-font-icon-svg e-eicon-chevron-left\" viewbox=\"0 0 1000 1000\" xmlns=\"http:\/\/www.w3.org\/2000\/svg\"><path d=\"M646 125C629 125 613 133 604 142L308 442C296 454 292 471 292 487 292 504 296 521 308 533L604 854C617 867 629 875 646 875 663 875 679 871 692 858 704 846 713 829 713 812 713 796 708 779 692 767L438 487 692 225C700 217 708 204 708 187 708 171 704 154 692 142 675 129 663 125 646 125Z\"><\/path><\/svg>\t\t\t\t\t\t<\/div>\n\t\t\t\t\t\t<div class=\"elementor-swiper-button elementor-swiper-button-next\" role=\"button\" tabindex=\"0\" aria-label=\"Next slide\">\n\t\t\t\t\t\t\t<svg aria-hidden=\"true\" class=\"e-font-icon-svg e-eicon-chevron-right\" viewbox=\"0 0 1000 1000\" xmlns=\"http:\/\/www.w3.org\/2000\/svg\"><path d=\"M696 533C708 521 713 504 713 487 713 471 708 454 696 446L400 146C388 133 375 125 354 125 338 125 325 129 313 142 300 154 292 171 292 187 292 204 296 221 308 233L563 492 304 771C292 783 288 800 288 817 288 833 296 850 308 863 321 871 338 875 354 875 371 875 388 867 400 854L696 533Z\"><\/path><\/svg>\t\t\t\t\t\t<\/div>\n\t\t\t\t\t\t\t\t\t\t\t\t\t\t\t\t<div class=\"swiper-pagination\"><\/div>\n\t\t\t\t\t\t\t\t\t\t\t\t<\/div>\n\t\t\t\t<\/div>\n\t\t\t\t\t\t\t\t<\/div>\n\t\t\t\t<\/div>\n\t\t\t\t<div class=\"elementor-element elementor-element-5c85e88 elementor-widget elementor-widget-heading\" data-id=\"5c85e88\" data-element_type=\"widget\" data-widget_type=\"heading.default\">\n\t\t\t\t<div class=\"elementor-widget-container\">\n\t\t\t\t\t<h2 class=\"elementor-heading-title elementor-size-default\">Vivan la experiencia \u00fanica de ser parte del milagro.<\/h2>\t\t\t\t<\/div>\n\t\t\t\t<\/div>\n\t\t\t\t<div class=\"elementor-element elementor-element-241b1c2 elementor-widget elementor-widget-text-editor\" data-id=\"241b1c2\" data-element_type=\"widget\" data-widget_type=\"text-editor.default\">\n\t\t\t\t<div class=\"elementor-widget-container\">\n\t\t\t\t\t\t\t\t\t<p>Roblealto tiene una larga trayectoria recibiendo equipos misioneros de iglesias y organizaciones internacionales.<\/p><p>Si est\u00e1s interesado en vivir esta experiencia de primera mano aqu\u00ed en Costa Rica, por favor complet\u00e1 el formulario a continuaci\u00f3n.<\/p>\t\t\t\t\t\t\t\t<\/div>\n\t\t\t\t<\/div>\n\t\t<div class=\"elementor-element elementor-element-ed9f3fb e-grid e-con-full e-con e-child\" data-id=\"ed9f3fb\" data-element_type=\"container\">\n\t\t\t\t<div class=\"elementor-element elementor-element-bcfc7f9 elementor-widget elementor-widget-vegas-slider\" data-id=\"bcfc7f9\" data-element_type=\"widget\" data-widget_type=\"vegas-slider.default\">\n\t\t\t\t<div class=\"elementor-widget-container\">\n\t\t\t\t\t<div class=\"hero-section slidehero\" data-count=\"5\" data-image=\"https:\/\/www.roblealto.org\/wp-content\/uploads\/2025\/04\/IMG_3291-scaled.jpg|https:\/\/www.roblealto.org\/wp-content\/uploads\/2025\/04\/PXL_20240625_180602262.PORTRAIT-scaled.jpg|https:\/\/www.roblealto.org\/wp-content\/uploads\/2025\/04\/voluntariado-la-15.jpg|https:\/\/www.roblealto.org\/wp-content\/uploads\/2025\/04\/IMG_3296-scaled.jpg|https:\/\/www.roblealto.org\/wp-content\/uploads\/2025\/04\/Ingles-4.png\" data-effect=\"blur2\" data-overlay=\"\" data-poverlay=\"style-2\" data-content=\"\" data-height=\"1095\" data-height_tablet=\"600\" data-height_mobile=\"500\" data-delay=\"3000\" data-slide_type=\"custom-height\">\r\n\t                    <div class=\"vegas-container\"><div class=\"vegas-content animation-heading-none\"><div class=\"wrap-heading\"> <h2 class=\"heading\">  <\/h2> <\/div>   <\/div><\/div> \r\n\t                <\/div>\t\t\t\t<\/div>\n\t\t\t\t<\/div>\n\t\t\t\t<div class=\"elementor-element elementor-element-fc72fff elementor-widget elementor-widget-shortcode\" data-id=\"fc72fff\" data-element_type=\"widget\" data-widget_type=\"shortcode.default\">\n\t\t\t\t<div class=\"elementor-widget-container\">\n\t\t\t\t\t\t\t<div class=\"elementor-shortcode\"><div class=\"forminator-ui forminator-custom-form forminator-custom-form-5986 forminator-design--default  forminator_ajax\" data-forminator-render=\"0\" data-form=\"forminator-module-5986\" data-uid=\"69e3332912abc\"><br\/><\/div><form\r\n\t\t\t\tid=\"forminator-module-5986\"\r\n\t\t\t\tclass=\"forminator-ui forminator-custom-form forminator-custom-form-5986 forminator-design--default  forminator_ajax\"\r\n\t\t\t\tmethod=\"post\"\r\n\t\t\t\tdata-forminator-render=\"0\"\r\n\t\t\t\tdata-form-id=\"5986\"\r\n\t\t\t\t\r\n\t\t\t\tdata-design=\"default\"\r\n\t\t\t\t\r\n\t\t\t\t\r\n\t\t\t\t\r\n\t\t\t\tdata-grid=\"open\"\r\n\t\t\t\t\r\n\t\t\t\t\r\n\t\t\t\tstyle=\"display: none;\"\r\n\t\t\t\t\r\n\t\t\t\tdata-uid=\"69e3332912abc\" action=\"\"\r\n\t\t\t><div role=\"alert\" aria-live=\"polite\" class=\"forminator-response-message forminator-error\" aria-hidden=\"true\"><\/div><div class=\"forminator-row\"><div id=\"name-1\" class=\"forminator-field-name forminator-col forminator-col-12\"><div class=\"forminator-field\"><label for=\"forminator-field-name-1_69e3332912abc\" id=\"forminator-field-name-1_69e3332912abc-label\" class=\"forminator-label\">Name of your church, ministry, or organization <span class=\"forminator-required\">*<\/span><\/label><span id=\"forminator-field-name-1_69e3332912abc-description\" class=\"forminator-description\">Nombre de su iglesia, ministero u organizaci\u00f3n<\/span><input type=\"text\" name=\"name-1\" value=\"\" placeholder=\"\" id=\"forminator-field-name-1_69e3332912abc\" class=\"forminator-input forminator-name--field\" aria-required=\"true\" aria-describedby=\"forminator-field-name-1_69e3332912abc-description\" \/><\/div><\/div><\/div><div class=\"forminator-row\"><div id=\"name-2\" class=\"forminator-field-name forminator-col forminator-col-12\"><div class=\"forminator-field\"><label for=\"forminator-field-name-2_69e3332912abc\" id=\"forminator-field-name-2_69e3332912abc-label\" class=\"forminator-label\">Contact Name <span class=\"forminator-required\">*<\/span><\/label><span id=\"forminator-field-name-2_69e3332912abc-description\" class=\"forminator-description\">Nombre de contacto<\/span><input type=\"text\" name=\"name-2\" value=\"\" placeholder=\"\" id=\"forminator-field-name-2_69e3332912abc\" class=\"forminator-input forminator-name--field\" aria-required=\"true\" aria-describedby=\"forminator-field-name-2_69e3332912abc-description\" \/><\/div><\/div><\/div><div class=\"forminator-row\"><div id=\"email-1\" class=\"forminator-field-email forminator-col forminator-col-12\"><div class=\"forminator-field\"><label for=\"forminator-field-email-1_69e3332912abc\" id=\"forminator-field-email-1_69e3332912abc-label\" class=\"forminator-label\">E-mail <span class=\"forminator-required\">*<\/span><\/label><span id=\"forminator-field-email-1_69e3332912abc-description\" class=\"forminator-description\">Correo Electronico de Contacto<\/span><input type=\"email\" name=\"email-1\" value=\"\" placeholder=\"john@doe.com\" id=\"forminator-field-email-1_69e3332912abc\" class=\"forminator-input forminator-email--field\" data-required=\"1\" aria-required=\"true\" aria-describedby=\"forminator-field-email-1_69e3332912abc-description\" \/><\/div><\/div><\/div><div class=\"forminator-row\"><div id=\"phone-1\" class=\"forminator-field-phone forminator-col forminator-col-12\"><div class=\"forminator-field\"><label for=\"forminator-field-phone-1_69e3332912abc\" id=\"forminator-field-phone-1_69e3332912abc-label\" class=\"forminator-label\">Contact Phone Number <span class=\"forminator-required\">*<\/span><\/label><span id=\"forminator-field-phone-1_69e3332912abc-description\" class=\"forminator-description\">Tel\u00e9fono de Contacto<\/span><input type=\"text\" name=\"phone-1\" value=\"\" placeholder=\"0000-0000-000\" id=\"forminator-field-phone-1_69e3332912abc\" class=\"forminator-input forminator-field--phone\" data-required=\"1\" aria-required=\"true\" autocomplete=\"off\" aria-describedby=\"forminator-field-phone-1_69e3332912abc-description\" \/><\/div><\/div><\/div><div class=\"forminator-row\"><div id=\"number-1\" class=\"forminator-field-number forminator-col forminator-col-12\"><div class=\"forminator-field\"><label for=\"forminator-field-number-1_69e3332912abc\" id=\"forminator-field-number-1_69e3332912abc-label\" class=\"forminator-label\">Approximately how many people would attend the volunteer trip? <span class=\"forminator-required\">*<\/span><\/label><span id=\"forminator-field-number-1_69e3332912abc-description\" class=\"forminator-description\">\u00bfAproximadamente cuantas personas asistir\u00edan al voluntariado?<\/span><input name=\"number-1\" value=\"\" placeholder=\"15\" id=\"forminator-field-number-1_69e3332912abc\" class=\"forminator-input forminator-number--field\" inputmode=\"decimal\" data-required=\"1\" data-decimals=\"0\" aria-required=\"true\" data-inputmask=\"&#039;groupSeparator&#039;: &#039;&#039;, &#039;radixPoint&#039;: &#039;&#039;, &#039;digits&#039;: &#039;0&#039;\" data-hidden-behavior=\"zero\" type=\"number\" step=\"any\" min=\"1\" max=\"70\" aria-describedby=\"forminator-field-number-1_69e3332912abc-description\" \/><\/div><\/div><\/div><div class=\"forminator-row\"><div id=\"date-1\" class=\"forminator-field-date forminator-col forminator-col-6\"><div class=\"forminator-field\"><label for=\"forminator-field-date-1-picker_69e3332912abc\" id=\"forminator-field-date-1-picker_69e3332912abc-label\" class=\"forminator-label\">Date you are interested in doing the volunteer trip <span class=\"forminator-required\">*<\/span><\/label><span id=\"forminator-field-date-1-picker_69e3332912abc-description\" class=\"forminator-description\">Fecha en que esta interesado en que inicie su viaje misionero.<\/span><div class=\"forminator-input-with-icon\"><span class=\"forminator-icon-calendar\" aria-hidden=\"true\"><\/span><input autocomplete=\"off\" type=\"text\" size=\"1\" name=\"date-1\" value=\"\" placeholder=\"\" id=\"forminator-field-date-1-picker_69e3332912abc\" class=\"forminator-input forminator-datepicker\" data-required=\"1\" data-format=\"dd-mm-yy\" data-restrict-type=\"\" data-restrict=\"\" data-start-year=\"1926\" data-end-year=\"2126\" data-past-dates=\"enable\" data-start-of-week=\"1\" data-start-date=\"\" data-end-date=\"\" data-start-field=\"\" data-end-field=\"\" data-start-offset=\"\" data-end-offset=\"\" data-disable-date=\"\" data-disable-range=\"\" aria-describedby=\"forminator-field-date-1-picker_69e3332912abc-description\" \/><\/div><\/div><\/div><div id=\"date-2\" class=\"forminator-field-date forminator-col forminator-col-6\"><div class=\"forminator-field\"><label for=\"forminator-field-date-2-picker_69e3332912abc\" id=\"forminator-field-date-2-picker_69e3332912abc-label\" class=\"forminator-label\">When would you like your mission trip to end? <span class=\"forminator-required\">*<\/span><\/label><span id=\"forminator-field-date-2-picker_69e3332912abc-description\" class=\"forminator-description\">Fecha en que desea que su viaje misionero finalice<\/span><div class=\"forminator-input-with-icon\"><span class=\"forminator-icon-calendar\" aria-hidden=\"true\"><\/span><input autocomplete=\"off\" type=\"text\" size=\"1\" name=\"date-2\" value=\"\" placeholder=\"\" id=\"forminator-field-date-2-picker_69e3332912abc\" class=\"forminator-input forminator-datepicker\" data-required=\"1\" data-format=\"dd-mm-yy\" data-restrict-type=\"\" data-restrict=\"\" data-start-year=\"1926\" data-end-year=\"2126\" data-past-dates=\"enable\" data-start-of-week=\"1\" data-start-date=\"\" data-end-date=\"\" data-start-field=\"\" data-end-field=\"\" data-start-offset=\"\" data-end-offset=\"\" data-disable-date=\"\" data-disable-range=\"\" aria-describedby=\"forminator-field-date-2-picker_69e3332912abc-description\" \/><\/div><\/div><\/div><\/div><div class=\"forminator-row\"><div id=\"section-1\" class=\"forminator-field-section forminator-col forminator-col-12\"><div class=\"forminator-field\"><h3 class=\"forminator-subtitle\">Please note: selecting a date doesn\u2019t confirm availability. We\u2019ll contact you to coordinate and confirm.<\/h3><\/div><\/div><\/div><div class=\"forminator-row\"><div id=\"checkbox-1\" class=\"forminator-field-checkbox forminator-col forminator-col-12\"><div role=\"group\" class=\"forminator-field\" aria-labelledby=\"forminator-checkbox-group-69e3332912abc-label\"><span id=\"forminator-checkbox-group-69e3332912abc-label\" class=\"forminator-label\">If you\u2019re first choice (above) is unavailable, is there another date you would be interested in?<\/span><span id=\"forminator-field-checkbox-1-69e3332912abc-description\" class=\"forminator-description\">Si la fecha que elegiste no est\u00e1 disponible, \u00bfhay otra opci\u00f3n que te interese?<\/span><label id=\"forminator-field-checkbox-1-1-69e3332912abc-label\" for=\"forminator-field-checkbox-1-1-69e3332912abc\" class=\"forminator-checkbox forminator-checkbox-inline\" title=\"Yes\"><input type=\"checkbox\" name=\"checkbox-1[]\" value=\"one\" id=\"forminator-field-checkbox-1-1-69e3332912abc\" aria-labelledby=\"forminator-field-checkbox-1-1-69e3332912abc-label\" data-calculation=\"0\"   data-hidden-behavior=\"zero\" aria-describedby=\"forminator-field-checkbox-1-69e3332912abc-description\"\/><span class=\"forminator-checkbox-box\" aria-hidden=\"true\"><\/span><span class=\"forminator-checkbox-label\">Yes<\/span><\/label><label id=\"forminator-field-checkbox-1-2-69e3332912abc-label\" for=\"forminator-field-checkbox-1-2-69e3332912abc\" class=\"forminator-checkbox forminator-checkbox-inline\" title=\"No\"><input type=\"checkbox\" name=\"checkbox-1[]\" value=\"two\" id=\"forminator-field-checkbox-1-2-69e3332912abc\" aria-labelledby=\"forminator-field-checkbox-1-2-69e3332912abc-label\" data-calculation=\"0\"   data-hidden-behavior=\"zero\" aria-describedby=\"forminator-field-checkbox-1-69e3332912abc-description\"\/><span class=\"forminator-checkbox-box\" aria-hidden=\"true\"><\/span><span class=\"forminator-checkbox-label\">No<\/span><\/label><\/div><\/div><\/div><div class=\"forminator-row\"><div id=\"date-3\" class=\"forminator-field-date forminator-col forminator-col-6\"><div class=\"forminator-field\"><label for=\"forminator-field-date-3-picker_69e3332912abc\" id=\"forminator-field-date-3-picker_69e3332912abc-label\" class=\"forminator-label\">Date you are interested in doing the volunteer trip <span class=\"forminator-required\">*<\/span><\/label><span id=\"forminator-field-date-3-picker_69e3332912abc-description\" class=\"forminator-description\">Fecha en que esta interesado en que inicie su viaje misionero.<\/span><div class=\"forminator-input-with-icon\"><span class=\"forminator-icon-calendar\" aria-hidden=\"true\"><\/span><input autocomplete=\"off\" type=\"text\" size=\"1\" name=\"date-3\" value=\"\" placeholder=\"\" id=\"forminator-field-date-3-picker_69e3332912abc\" class=\"forminator-input forminator-datepicker\" data-required=\"1\" data-format=\"dd-mm-yy\" data-restrict-type=\"\" data-restrict=\"\" data-start-year=\"1926\" data-end-year=\"2126\" data-past-dates=\"enable\" data-start-of-week=\"1\" data-start-date=\"\" data-end-date=\"\" data-start-field=\"\" data-end-field=\"\" data-start-offset=\"\" data-end-offset=\"\" data-disable-date=\"\" data-disable-range=\"\" aria-describedby=\"forminator-field-date-3-picker_69e3332912abc-description\" \/><\/div><\/div><\/div><div id=\"date-4\" class=\"forminator-field-date forminator-col forminator-col-6\"><div class=\"forminator-field\"><label for=\"forminator-field-date-4-picker_69e3332912abc\" id=\"forminator-field-date-4-picker_69e3332912abc-label\" class=\"forminator-label\">When would you like your mission trip to end? <span class=\"forminator-required\">*<\/span><\/label><span id=\"forminator-field-date-4-picker_69e3332912abc-description\" class=\"forminator-description\">Fecha en que desea que su viaje misionero finalice<\/span><div class=\"forminator-input-with-icon\"><span class=\"forminator-icon-calendar\" aria-hidden=\"true\"><\/span><input autocomplete=\"off\" type=\"text\" size=\"1\" name=\"date-4\" value=\"\" placeholder=\"\" id=\"forminator-field-date-4-picker_69e3332912abc\" class=\"forminator-input forminator-datepicker\" data-required=\"1\" data-format=\"dd-mm-yy\" data-restrict-type=\"\" data-restrict=\"\" data-start-year=\"1926\" data-end-year=\"2126\" data-past-dates=\"enable\" data-start-of-week=\"1\" data-start-date=\"\" data-end-date=\"\" data-start-field=\"\" data-end-field=\"\" data-start-offset=\"\" data-end-offset=\"\" data-disable-date=\"\" data-disable-range=\"\" aria-describedby=\"forminator-field-date-4-picker_69e3332912abc-description\" \/><\/div><\/div><\/div><\/div><div class=\"forminator-row\"><div id=\"section-2\" class=\"forminator-field-section forminator-col forminator-col-12\"><div class=\"forminator-field\"><h3 class=\"forminator-subtitle\">Please note: selecting a date doesn\u2019t confirm availability. We\u2019ll contact you to coordinate and confirm.<\/h3><\/div><\/div><\/div><input type=\"hidden\" name=\"referer_url\" value=\"\" \/><div class=\"forminator-row forminator-row-last\"><div class=\"forminator-col\"><div class=\"forminator-field\"><button class=\"forminator-button forminator-button-submit\">Send \/ Enviar<\/button><\/div><\/div><\/div><input type=\"hidden\" id=\"forminator_nonce\" name=\"forminator_nonce\" value=\"7fb937e3cd\" \/><input type=\"hidden\" name=\"_wp_http_referer\" value=\"\/en\/wp-json\/wp\/v2\/pages\/5989\" \/><input type=\"hidden\" name=\"form_id\" value=\"5986\"><input type=\"hidden\" name=\"page_id\" value=\"5989\"><input type=\"hidden\" name=\"form_type\" value=\"default\"><input type=\"hidden\" name=\"current_url\" value=\"https:\/\/www.roblealto.org\/en\/roblealto-2-2-2\/\"><input type=\"hidden\" name=\"render_id\" value=\"0\"><input type=\"hidden\" name=\"action\" value=\"forminator_submit_form_custom-forms\"><input type=\"hidden\" name=\"trp-form-language\" value=\"en\"\/><\/form><\/div>\n\t\t\t\t\t\t<\/div>\n\t\t\t\t<\/div>\n\t\t\t\t<\/div>\n\t\t\t\t<\/div>\n\t\t\t\t<\/div>\n\t\t<div class=\"elementor-element elementor-element-7056f3c e-flex e-con-boxed e-con e-parent\" data-id=\"7056f3c\" data-element_type=\"container\">\n\t\t\t\t\t<div class=\"e-con-inner\">\n\t\t\t\t<div class=\"elementor-element elementor-element-df9c316 elementor-widget-mobile__width-auto elementor-widget elementor-widget-heading\" data-id=\"df9c316\" data-element_type=\"widget\" data-widget_type=\"heading.default\">\n\t\t\t\t<div class=\"elementor-widget-container\">\n\t\t\t\t\t<h2 class=\"elementor-heading-title elementor-size-default\">\u00bfTienes algunas otras consultas?<\/h2>\t\t\t\t<\/div>\n\t\t\t\t<\/div>\n\t\t\t\t<div class=\"elementor-element elementor-element-fce145d elementor-widget elementor-widget-text-editor\" data-id=\"fce145d\" data-element_type=\"widget\" data-widget_type=\"text-editor.default\">\n\t\t\t\t<div class=\"elementor-widget-container\">\n\t\t\t\t\t\t\t\t\t<p><span style=\"font-size: 18px;\">Escr\u00edbanos al siguiente correo electr\u00f3nico: <a href=\"mailto:nugalde@roblealto.org?subject=Consulta%20de%20Voluntariado\">nugalde@roblealto<\/a> o bien <a href=\"mailto:dbolton@roblealto.org?subject=Consulta%20de%20Voluntariado\">dbolton@roblealto<\/a><\/span><\/p>\t\t\t\t\t\t\t\t<\/div>\n\t\t\t\t<\/div>\n\t\t\t\t\t<\/div>\n\t\t\t\t<\/div>\n\t\t\t\t<\/div>","protected":false},"excerpt":{"rendered":"<p>Voluntariado InternacionalDirigido a equipos misioneros, organizaciones y personas fuera de Costa Rica.Voluntariado InternacionalDirigido a equipos misioneros, organizaciones y personas fuera de Costa Rica.Voluntariado InternacionalDirigido a equipos<span class=\"excerpt-hellip\"> [\u2026]<\/span><\/p>","protected":false},"author":3,"featured_media":0,"parent":0,"menu_order":0,"comment_status":"closed","ping_status":"closed","template":"elementor_header_footer","meta":{"footnotes":""},"class_list":["post-5989","page","type-page","status-publish","hentry"],"rttpg_featured_image_url":null,"rttpg_author":{"display_name":"roblealt","author_link":"https:\/\/www.roblealto.org\/en\/author\/roblealt\/"},"rttpg_comment":0,"rttpg_category":false,"rttpg_excerpt":"Voluntariado InternacionalDirigido a equipos misioneros, organizaciones y personas fuera de Costa Rica.Voluntariado InternacionalDirigido a equipos misioneros, organizaciones y personas fuera de Costa Rica.Voluntariado InternacionalDirigido a equipos [\u2026]","_links":{"self":[{"href":"https:\/\/www.roblealto.org\/en\/wp-json\/wp\/v2\/pages\/5989","targetHints":{"allow":["GET"]}}],"collection":[{"href":"https:\/\/www.roblealto.org\/en\/wp-json\/wp\/v2\/pages"}],"about":[{"href":"https:\/\/www.roblealto.org\/en\/wp-json\/wp\/v2\/types\/page"}],"author":[{"embeddable":true,"href":"https:\/\/www.roblealto.org\/en\/wp-json\/wp\/v2\/users\/3"}],"replies":[{"embeddable":true,"href":"https:\/\/www.roblealto.org\/en\/wp-json\/wp\/v2\/comments?post=5989"}],"version-history":[{"count":46,"href":"https:\/\/www.roblealto.org\/en\/wp-json\/wp\/v2\/pages\/5989\/revisions"}],"predecessor-version":[{"id":6697,"href":"https:\/\/www.roblealto.org\/en\/wp-json\/wp\/v2\/pages\/5989\/revisions\/6697"}],"wp:attachment":[{"href":"https:\/\/www.roblealto.org\/en\/wp-json\/wp\/v2\/media?parent=5989"}],"curies":[{"name":"wp","href":"https:\/\/api.w.org\/{rel}","templated":true}]}}