{"id":6254,"date":"2025-06-05T13:25:23","date_gmt":"2025-06-05T19:25:23","guid":{"rendered":"https:\/\/www.roblealto.org\/?page_id=6254"},"modified":"2025-11-07T15:36:41","modified_gmt":"2025-11-07T21:36:41","slug":"politica-privacidad","status":"publish","type":"page","link":"https:\/\/www.roblealto.org\/en\/politica-privacidad\/","title":{"rendered":"Pol\u00edticas de Privacidad &#8211; T\u00e9rminos y Condiciones"},"content":{"rendered":"<div data-elementor-type=\"wp-page\" data-elementor-id=\"6254\" class=\"elementor elementor-6254\" data-elementor-post-type=\"page\">\n\t\t\t\t<div class=\"elementor-element elementor-element-2c072fd e-flex e-con-boxed e-con e-parent\" data-id=\"2c072fd\" data-element_type=\"container\">\n\t\t\t\t\t<div class=\"e-con-inner\">\n\t\t\t\t<div class=\"elementor-element elementor-element-7388f35 elementor-widget elementor-widget-heading\" data-id=\"7388f35\" data-element_type=\"widget\" data-widget_type=\"heading.default\">\n\t\t\t\t<div class=\"elementor-widget-container\">\n\t\t\t\t\t<h1 class=\"elementor-heading-title elementor-size-default\">Pol\u00edticas de Privacidad &#8211; T\u00e9rminos y Condiciones<\/h1>\t\t\t\t<\/div>\n\t\t\t\t<\/div>\n\t\t\t\t\t<\/div>\n\t\t\t\t<\/div>\n\t\t<div class=\"elementor-element elementor-element-a71d916 e-flex e-con-boxed e-con e-parent\" data-id=\"a71d916\" data-element_type=\"container\">\n\t\t\t\t\t<div class=\"e-con-inner\">\n\t\t\t\t<div class=\"elementor-element elementor-element-da7e17b elementor-widget elementor-widget-text-editor\" data-id=\"da7e17b\" data-element_type=\"widget\" data-widget_type=\"text-editor.default\">\n\t\t\t\t<div class=\"elementor-widget-container\">\n\t\t\t\t\t\t\t\t\t<h2>QUI\u00c9NES SOMOS<\/h2><p>La direcci\u00f3n de nuestra web es: www.roblealto.org<\/p><h2>COMENTARIOS<\/h2><p>Cuando los visitantes dejan comentarios en la web, recopilamos los datos que se muestran en el formulario de comentarios, as\u00ed como la direcci\u00f3n IP del visitante y la cadena de agentes de usuario del navegador para ayudar a la detecci\u00f3n de spam.<\/p><p>Una cadena an\u00f3nima creada a partir de tu direcci\u00f3n de correo electr\u00f3nico (tambi\u00e9n llamada hash) puede ser proporcionada al servicio de Gravatar para ver si la est\u00e1s usando. La pol\u00edtica de privacidad del servicio Gravatar est\u00e1 disponible aqu\u00ed: https:\/\/automattic.com\/privacy\/. Despu\u00e9s de la aprobaci\u00f3n de tu comentario, la imagen de tu perfil es visible para el p\u00fablico en el contexto de tu comentario.<\/p><h2>MEDIOS<\/h2><p>Si subes im\u00e1genes a la web, deber\u00edas evitar subir im\u00e1genes con datos de ubicaci\u00f3n (GPS EXIF) incluidos. Los visitantes de la web pueden descargar y extraer cualquier dato de ubicaci\u00f3n de las im\u00e1genes de la web.<\/p><h2>COOKIES<\/h2><p>Si dejas un comentario en nuestro sitio puedes elegir guardar tu nombre, direcci\u00f3n de correo electr\u00f3nico y web en cookies. Esto es para tu comodidad, para que no tengas que volver a rellenar tus datos cuando dejes otro comentario. Estas cookies tendr\u00e1n una duraci\u00f3n de un a\u00f1o.<\/p><p>Si tienes una cuenta y te conectas a este sitio, instalaremos una cookie temporal para determinar si tu navegador acepta cookies. Esta cookie no contiene datos personales y se elimina al cerrar el navegador.<\/p><p>Cuando accedas, tambi\u00e9n instalaremos varias cookies para guardar tu informaci\u00f3n de acceso y tus opciones de visualizaci\u00f3n de pantalla. Las cookies de acceso duran dos d\u00edas, y las cookies de opciones de pantalla duran un a\u00f1o. Si seleccionas \u00abRecu\u00e9rdarme\u00bb, tu acceso perdurar\u00e1 durante dos semanas. Si sales de tu cuenta, las cookies de acceso se eliminar\u00e1n.<\/p><p>Si editas o publicas un art\u00edculo se guardar\u00e1 una cookie adicional en tu navegador. Esta cookie no incluye datos personales y simplemente indica el ID del art\u00edculo que acabas de editar. Caduca despu\u00e9s de 1 d\u00eda.<\/p><h2>CONTENIDO INCRUSTADO DE OTROS SITIOS WEB<\/h2><p>Los art\u00edculos de este sitio pueden incluir contenido incrustado (por ejemplo, v\u00eddeos, im\u00e1genes, art\u00edculos, etc.). El contenido incrustado de otras webs se comporta exactamente de la misma manera que si el visitante hubiera visitado la otra web.<\/p><p>Estas web pueden recopilar datos sobre ti, utilizar cookies, incrustar un seguimiento adicional de terceros, y supervisar tu interacci\u00f3n con ese contenido incrustado, incluido el seguimiento de tu interacci\u00f3n con el contenido incrustado si tienes una cuenta y est\u00e1s conectado a esa web.<\/p><h2>CON QUI\u00c9N COMPARTIMOS TUS DATOS<\/h2><p>Si solicitas un restablecimiento de contrase\u00f1a, tu direcci\u00f3n IP ser\u00e1 incluida en el correo electr\u00f3nico de restablecimiento.<\/p><h2>CU\u00c1NTO TIEMPO CONSERVAMOS TUS DATOS<\/h2><p>Si dejas un comentario, el comentario y sus metadatos se conservan indefinidamente. Esto es para que podamos reconocer y aprobar comentarios sucesivos autom\u00e1ticamente, en lugar de mantenerlos en una cola de moderaci\u00f3n.<\/p><p>De los usuarios que se registran en nuestra web (si los hay), tambi\u00e9n almacenamos la informaci\u00f3n personal que proporcionan en su perfil de usuario. Todos los usuarios pueden ver, editar o eliminar su informaci\u00f3n personal en cualquier momento (excepto que no pueden cambiar su nombre de usuario). Los administradores de la web tambi\u00e9n pueden ver y editar esa informaci\u00f3n.<\/p><h2>QU\u00c9 DERECHOS TIENES SOBRE TUS DATOS<\/h2><p>Si tienes una cuenta o has dejado comentarios en esta web, puedes solicitar recibir un archivo de exportaci\u00f3n de los datos personales que tenemos sobre ti, incluyendo cualquier dato que nos hayas proporcionado. Tambi\u00e9n puedes solicitar que eliminemos cualquier dato personal que tengamos sobre ti. Esto no incluye ning\u00fan dato que estemos obligados a conservar con fines administrativos, legales o de seguridad.<\/p><h2>D\u00d3NDE ENVIAMOS TUS DATOS<\/h2><p>Los comentarios de los visitantes puede que los revise un servicio de detecci\u00f3n autom\u00e1tica de spam.<\/p><h2>1. POL\u00cdTICA DE PRIVACIDAD<\/h2><p>LEY DE PROTECCI\u00d3N DE LA PERSONA FRENTE AL TRATAMIENTO DE SUS DATOS PERSONALES N.\u00ba 8968. Publicada en La Gaceta n.\u00ba 170 de 05 de setiembre de 2011<\/p><h3>1.2 TRATAMIENTO DE DATOS DE CAR\u00c1CTER PERSONAL<\/h3><p>Los datos de car\u00e1cter personal facilitados por Usted se incluir\u00e1n en una base datos segura cuyo responsable es Asociaci\u00f3n Roblealto pro-Bienestar del Ni\u00f1o con direcci\u00f3n Zapote, Barrio C\u00f3rdoba. Estos datos ser\u00e1n tratados con la finalidad de gestionar su colaboraci\u00f3n con los programas de atenci\u00f3n a la ni\u00f1ez, as\u00ed como para hacerle llegar comunicaciones (inclusive promocionales o comerciales) respecto a las iniciativas de la organizaci\u00f3n.<\/p><p>Su colaboraci\u00f3n ser\u00e1 voluntaria y hasta cuando usted as\u00ed lo decida. Se har\u00e1 efectiva por medio de un cargo autom\u00e1tico a su tarjeta de cr\u00e9dito y\/o d\u00e9bito, totalmente confidencial y seguro. Sus datos aqu\u00ed registrados est\u00e1n protegidos por los c\u00f3digos de seguridad y confidencialidad de Asociaci\u00f3n Roblealto pro-Bienestar del Ni\u00f1o. Si usted es una persona f\u00edsica o jur\u00eddica con actividades lucrativas, sus donaciones son deducibles del impuesto de la renta. Cada vez que se realice el cargo la entidad financiera le enviar\u00e1 un correo autom\u00e1tico con la notificaci\u00f3n de la transacci\u00f3n.<\/p><h3>1.3 PROPIEDAD INTELECTUAL<\/h3><p>Todo el contenido del web site y todo el contenido disponible a trav\u00e9s del Servicio, incluyendo dise\u00f1os, texto, gr\u00e1ficos, im\u00e1genes, v\u00eddeo, informaci\u00f3n, aplicaciones, software, m\u00fasica, sonido y otros archivos, as\u00ed como su selecci\u00f3n y disposici\u00f3n (el \u201cContenido\u201d) son propiedad exclusiva Asociaci\u00f3n Roblealto, o de sus licenciantes, con todos los derechos reservados. Ninguna parte del contenido del Sitio podr\u00e1 ser modificada, copiada, distribuida, enmarcada, reproducida, republicada, descargada, extra\u00edda, mostrada, publicada, transmitida o vendida en modo alguno o por ning\u00fan medio, total o parcialmente, sin el previo consentimiento por escrito de la organizaci\u00f3n.<\/p><h3>1.4 ACEPTACI\u00d3N<\/h3><p>El uso de www.roblealto.org\/politica-privacidad implica la aceptaci\u00f3n de la Pol\u00edtica de Privacidad.<\/p><h3>1.5 T\u00c9RMINOS DE USO Y CONDICIONES<\/h3><p>La utilizaci\u00f3n de la p\u00e1gina Web por su parte constituir\u00e1 la plena aceptaci\u00f3n de las presentes condiciones.<\/p><p>Asociaci\u00f3n Roblealto se reserva el derecho de modificar las presentes condiciones en cualquier momento mediante la publicaci\u00f3n online especificando en la secci\u00f3n de \u201cCondiciones\u201d los cambios realizados.<\/p><p>Las condiciones del presente documento se regir\u00e1n y ser\u00e1n interpretadas de conformidad con las leyes de Costa Rica. Si no est\u00e1 plenamente de acuerdo con\u00a0<span style=\"letter-spacing: 0px;\">las presentes condiciones, deber\u00e1 cesar el uso la p\u00e1gina Web de forma inmediata.<\/span><\/p><h2>2 POL\u00cdTICAS DE SERVICIO AL DONANTE<\/h2><p>Toda transacci\u00f3n realizada desde el sitio web se har\u00e1 por medio de la plataforma de cobros en l\u00ednea. Los fondos que se carguen a su tarjeta ser\u00e1n \u00fanicamente los que usted seleccione en el formulario de donaciones en el momento de hacer el pago y nunca se har\u00e1n cargos que no aparezcan ah\u00ed, ni cargos sin su autorizaci\u00f3n.<\/p><p>Toda informaci\u00f3n de las tarjetas de cr\u00e9dito\/d\u00e9bito pasar\u00e1n directamente al ente que lo administra y el sitio web nunca guardar\u00e1 estos datos.<\/p><p>Por ninguna raz\u00f3n se aceptar\u00e1n devoluciones o cancelaciones de transacciones una vez recibidos los montos.<\/p><p>Al recibir una donaci\u00f3n, siempre se le enviar\u00e1 un comprobante.<\/p><p>Si requiere un recibo oficial de la Asociaci\u00f3n, puede contactarnos solicit\u00e1ndola y se la hacemos llegar v\u00eda correo electr\u00f3nico.<\/p><p>Recuerde que la Asociaci\u00f3n Roblealto, no solicitar\u00e1 en ning\u00fan momento sus claves personales v\u00eda telef\u00f3nica o correo electr\u00f3nico o por ning\u00fan medio.<\/p><p>Si tiene alguna duda adicional o desea contactarnos para donar de manera recurrente mensual , puede hacerlo al 2286-0161 o a info@roblealto.org .<\/p>\t\t\t\t\t\t\t\t<\/div>\n\t\t\t\t<\/div>\n\t\t\t\t\t<\/div>\n\t\t\t\t<\/div>\n\t\t\t\t<\/div>","protected":false},"excerpt":{"rendered":"<p>QUI\u00c9NES SOMOS La direcci\u00f3n de nuestra web es: www.roblealto.org COMENTARIOS Cuando los visitantes dejan comentarios en la web, recopilamos los datos que se muestran en el<span class=\"excerpt-hellip\"> [\u2026]<\/span><\/p>","protected":false},"author":3,"featured_media":0,"parent":0,"menu_order":0,"comment_status":"closed","ping_status":"closed","template":"","meta":{"footnotes":""},"class_list":["post-6254","page","type-page","status-publish","hentry"],"rttpg_featured_image_url":null,"rttpg_author":{"display_name":"roblealt","author_link":"https:\/\/www.roblealto.org\/en\/author\/roblealt\/"},"rttpg_comment":0,"rttpg_category":false,"rttpg_excerpt":"QUI\u00c9NES SOMOS La direcci\u00f3n de nuestra web es: www.roblealto.org COMENTARIOS Cuando los visitantes dejan comentarios en la web, recopilamos los datos que se muestran en el [\u2026]","_links":{"self":[{"href":"https:\/\/www.roblealto.org\/en\/wp-json\/wp\/v2\/pages\/6254","targetHints":{"allow":["GET"]}}],"collection":[{"href":"https:\/\/www.roblealto.org\/en\/wp-json\/wp\/v2\/pages"}],"about":[{"href":"https:\/\/www.roblealto.org\/en\/wp-json\/wp\/v2\/types\/page"}],"author":[{"embeddable":true,"href":"https:\/\/www.roblealto.org\/en\/wp-json\/wp\/v2\/users\/3"}],"replies":[{"embeddable":true,"href":"https:\/\/www.roblealto.org\/en\/wp-json\/wp\/v2\/comments?post=6254"}],"version-history":[{"count":13,"href":"https:\/\/www.roblealto.org\/en\/wp-json\/wp\/v2\/pages\/6254\/revisions"}],"predecessor-version":[{"id":6761,"href":"https:\/\/www.roblealto.org\/en\/wp-json\/wp\/v2\/pages\/6254\/revisions\/6761"}],"wp:attachment":[{"href":"https:\/\/www.roblealto.org\/en\/wp-json\/wp\/v2\/media?parent=6254"}],"curies":[{"name":"wp","href":"https:\/\/api.w.org\/{rel}","templated":true}]}}