{"id":5441,"date":"2025-03-07T15:14:52","date_gmt":"2025-03-07T21:14:52","guid":{"rendered":"https:\/\/www.roblealto.org\/?post_type=product&#038;p=5441"},"modified":"2025-08-07T15:22:35","modified_gmt":"2025-08-07T21:22:35","slug":"donacion-a-nuestra-causa","status":"publish","type":"product","link":"https:\/\/www.roblealto.org\/en\/product\/donacion-a-nuestra-causa\/","title":{"rendered":"Donaci\u00f3n a nuestra causa"},"content":{"rendered":"<p>Tu donaci\u00f3n se destina a cubrir las necesidades m\u00e1s urgentes de nuestros programas de atenci\u00f3n, generando un impacto inmediato y transformador en quienes m\u00e1s lo necesitan.<\/p>","protected":false},"excerpt":{"rendered":"<p>Tu donaci\u00f3n se destina a cubrir las necesidades m\u00e1s urgentes de nuestros programas de atenci\u00f3n, generando un impacto inmediato y transformador en quienes m\u00e1s lo necesitan.<\/p>","protected":false},"featured_media":5442,"template":"","meta":[],"product_brand":[],"product_cat":[40],"product_tag":[],"class_list":{"0":"post-5441","1":"product","2":"type-product","3":"status-publish","4":"has-post-thumbnail","6":"product_cat-uncategorized","8":"first","9":"instock","10":"virtual","11":"sold-individually","12":"purchasable","13":"product-type-simple"},"_links":{"self":[{"href":"https:\/\/www.roblealto.org\/en\/wp-json\/wp\/v2\/product\/5441","targetHints":{"allow":["GET"]}}],"collection":[{"href":"https:\/\/www.roblealto.org\/en\/wp-json\/wp\/v2\/product"}],"about":[{"href":"https:\/\/www.roblealto.org\/en\/wp-json\/wp\/v2\/types\/product"}],"wp:featuredmedia":[{"embeddable":true,"href":"https:\/\/www.roblealto.org\/en\/wp-json\/wp\/v2\/media\/5442"}],"wp:attachment":[{"href":"https:\/\/www.roblealto.org\/en\/wp-json\/wp\/v2\/media?parent=5441"}],"wp:term":[{"taxonomy":"product_brand","embeddable":true,"href":"https:\/\/www.roblealto.org\/en\/wp-json\/wp\/v2\/product_brand?post=5441"},{"taxonomy":"product_cat","embeddable":true,"href":"https:\/\/www.roblealto.org\/en\/wp-json\/wp\/v2\/product_cat?post=5441"},{"taxonomy":"product_tag","embeddable":true,"href":"https:\/\/www.roblealto.org\/en\/wp-json\/wp\/v2\/product_tag?post=5441"}],"curies":[{"name":"wp","href":"https:\/\/api.w.org\/{rel}","templated":true}]}}